{"id":540,"date":"2023-12-20T01:52:28","date_gmt":"2023-12-20T01:52:28","guid":{"rendered":"https:\/\/www.andograficando.com\/SIZ\/?page_id=540"},"modified":"2023-12-20T23:39:13","modified_gmt":"2023-12-20T23:39:13","slug":"mision-vision-y-valores","status":"publish","type":"page","link":"https:\/\/www.andograficando.com\/SIZ\/mision-vision-y-valores\/","title":{"rendered":"vision"},"content":{"rendered":"\t\t<div data-elementor-type=\"wp-page\" data-elementor-id=\"540\" class=\"elementor elementor-540\">\n\t\t\t\t\t\t<section class=\"elementor-section elementor-top-section elementor-element elementor-element-fc0de88 elementor-section-full_width elementor-section-stretched elementor-section-height-default elementor-section-height-default\" data-id=\"fc0de88\" data-element_type=\"section\" data-e-type=\"section\" data-settings=\"{&quot;stretch_section&quot;:&quot;section-stretched&quot;,&quot;background_background&quot;:&quot;classic&quot;}\">\n\t\t\t\t\t\t<div class=\"elementor-container elementor-column-gap-default\">\n\t\t\t\t\t<div class=\"elementor-column elementor-col-100 elementor-top-column elementor-element elementor-element-9cec093\" data-id=\"9cec093\" data-element_type=\"column\" data-e-type=\"column\">\n\t\t\t<div class=\"elementor-widget-wrap elementor-element-populated\">\n\t\t\t\t\t\t<section class=\"elementor-section elementor-inner-section elementor-element elementor-element-0959d41 elementor-section-boxed elementor-section-height-default elementor-section-height-default\" data-id=\"0959d41\" data-element_type=\"section\" data-e-type=\"section\">\n\t\t\t\t\t\t<div class=\"elementor-container elementor-column-gap-default\">\n\t\t\t\t\t<div class=\"elementor-column elementor-col-50 elementor-inner-column elementor-element elementor-element-4812b81\" data-id=\"4812b81\" data-element_type=\"column\" data-e-type=\"column\">\n\t\t\t<div class=\"elementor-widget-wrap elementor-element-populated\">\n\t\t\t\t\t\t<div class=\"elementor-element elementor-element-bdbd584 elementor-widget elementor-widget-image\" data-id=\"bdbd584\" data-element_type=\"widget\" data-e-type=\"widget\" data-widget_type=\"image.default\">\n\t\t\t\t<div class=\"elementor-widget-container\">\n\t\t\t\t\t\t\t\t\t\t\t\t\t\t\t<img fetchpriority=\"high\" decoding=\"async\" width=\"843\" height=\"158\" src=\"https:\/\/www.andograficando.com\/SIZ\/wp-content\/uploads\/2023\/12\/Recurso-1-Mision@4x-1024x192.png\" class=\"attachment-large size-large wp-image-542\" alt=\"\" srcset=\"https:\/\/www.andograficando.com\/SIZ\/wp-content\/uploads\/2023\/12\/Recurso-1-Mision@4x-1024x192.png 1024w, https:\/\/www.andograficando.com\/SIZ\/wp-content\/uploads\/2023\/12\/Recurso-1-Mision@4x-300x56.png 300w, https:\/\/www.andograficando.com\/SIZ\/wp-content\/uploads\/2023\/12\/Recurso-1-Mision@4x-768x144.png 768w, https:\/\/www.andograficando.com\/SIZ\/wp-content\/uploads\/2023\/12\/Recurso-1-Mision@4x-1536x288.png 1536w, https:\/\/www.andograficando.com\/SIZ\/wp-content\/uploads\/2023\/12\/Recurso-1-Mision@4x-2048x384.png 2048w\" sizes=\"(max-width: 843px) 100vw, 843px\" \/>\t\t\t\t\t\t\t\t\t\t\t\t\t\t\t<\/div>\n\t\t\t\t<\/div>\n\t\t\t\t<div class=\"elementor-element elementor-element-9ed5861 elementor-widget elementor-widget-text-editor\" data-id=\"9ed5861\" data-element_type=\"widget\" data-e-type=\"widget\" data-widget_type=\"text-editor.default\">\n\t\t\t\t<div class=\"elementor-widget-container\">\n\t\t\t\t\t\t\t\t\t<p>CONOCE NUESTRA CULTURA<\/p>\t\t\t\t\t\t\t\t<\/div>\n\t\t\t\t<\/div>\n\t\t\t\t\t<\/div>\n\t\t<\/div>\n\t\t\t\t<div class=\"elementor-column elementor-col-50 elementor-inner-column elementor-element elementor-element-847e885\" data-id=\"847e885\" data-element_type=\"column\" data-e-type=\"column\">\n\t\t\t<div class=\"elementor-widget-wrap elementor-element-populated\">\n\t\t\t\t\t\t<div class=\"elementor-element elementor-element-b72dd71 elementor-absolute elementor-widget elementor-widget-image\" data-id=\"b72dd71\" data-element_type=\"widget\" data-e-type=\"widget\" data-settings=\"{&quot;_position&quot;:&quot;absolute&quot;}\" data-widget_type=\"image.default\">\n\t\t\t\t<div class=\"elementor-widget-container\">\n\t\t\t\t\t\t\t\t\t\t\t\t\t\t\t<img decoding=\"async\" width=\"843\" height=\"341\" src=\"https:\/\/www.andograficando.com\/SIZ\/wp-content\/uploads\/2023\/12\/Recurso-2-Mision@4x-1024x414.png\" class=\"attachment-large size-large wp-image-543\" alt=\"\" srcset=\"https:\/\/www.andograficando.com\/SIZ\/wp-content\/uploads\/2023\/12\/Recurso-2-Mision@4x-1024x414.png 1024w, https:\/\/www.andograficando.com\/SIZ\/wp-content\/uploads\/2023\/12\/Recurso-2-Mision@4x-300x121.png 300w, https:\/\/www.andograficando.com\/SIZ\/wp-content\/uploads\/2023\/12\/Recurso-2-Mision@4x-768x310.png 768w, https:\/\/www.andograficando.com\/SIZ\/wp-content\/uploads\/2023\/12\/Recurso-2-Mision@4x-1536x620.png 1536w, https:\/\/www.andograficando.com\/SIZ\/wp-content\/uploads\/2023\/12\/Recurso-2-Mision@4x-2048x827.png 2048w\" sizes=\"(max-width: 843px) 100vw, 843px\" \/>\t\t\t\t\t\t\t\t\t\t\t\t\t\t\t<\/div>\n\t\t\t\t<\/div>\n\t\t\t\t\t<\/div>\n\t\t<\/div>\n\t\t\t\t\t<\/div>\n\t\t<\/section>\n\t\t\t\t\t<\/div>\n\t\t<\/div>\n\t\t\t\t\t<\/div>\n\t\t<\/section>\n\t\t\t\t<section class=\"elementor-section elementor-top-section elementor-element elementor-element-83093ef elementor-section-stretched elementor-section-boxed elementor-section-height-default elementor-section-height-default\" data-id=\"83093ef\" data-element_type=\"section\" data-e-type=\"section\" data-settings=\"{&quot;stretch_section&quot;:&quot;section-stretched&quot;,&quot;background_background&quot;:&quot;classic&quot;}\">\n\t\t\t\t\t\t<div class=\"elementor-container elementor-column-gap-default\">\n\t\t\t\t\t<div class=\"elementor-column elementor-col-100 elementor-top-column elementor-element elementor-element-51a8b1c\" data-id=\"51a8b1c\" data-element_type=\"column\" data-e-type=\"column\">\n\t\t\t<div class=\"elementor-widget-wrap elementor-element-populated\">\n\t\t\t\t\t\t<div class=\"elementor-element elementor-element-fc02b69 elementor-widget elementor-widget-spacer\" data-id=\"fc02b69\" data-element_type=\"widget\" data-e-type=\"widget\" data-widget_type=\"spacer.default\">\n\t\t\t\t<div class=\"elementor-widget-container\">\n\t\t\t\t\t\t\t<div class=\"elementor-spacer\">\n\t\t\t<div class=\"elementor-spacer-inner\"><\/div>\n\t\t<\/div>\n\t\t\t\t\t\t<\/div>\n\t\t\t\t<\/div>\n\t\t\t\t<div class=\"elementor-element elementor-element-c361065 elementor-widget elementor-widget-spacer\" data-id=\"c361065\" data-element_type=\"widget\" data-e-type=\"widget\" data-widget_type=\"spacer.default\">\n\t\t\t\t<div class=\"elementor-widget-container\">\n\t\t\t\t\t\t\t<div class=\"elementor-spacer\">\n\t\t\t<div class=\"elementor-spacer-inner\"><\/div>\n\t\t<\/div>\n\t\t\t\t\t\t<\/div>\n\t\t\t\t<\/div>\n\t\t\t\t<div class=\"elementor-element elementor-element-26381f2 elementor-widget elementor-widget-text-editor\" data-id=\"26381f2\" data-element_type=\"widget\" data-e-type=\"widget\" data-widget_type=\"text-editor.default\">\n\t\t\t\t<div class=\"elementor-widget-container\">\n\t\t\t\t\t\t\t\t\t<p>Misi\u00f3n<\/p>\t\t\t\t\t\t\t\t<\/div>\n\t\t\t\t<\/div>\n\t\t\t\t<div class=\"elementor-element elementor-element-0f3447f elementor-widget elementor-widget-text-editor\" data-id=\"0f3447f\" data-element_type=\"widget\" data-e-type=\"widget\" data-widget_type=\"text-editor.default\">\n\t\t\t\t<div class=\"elementor-widget-container\">\n\t\t\t\t\t\t\t\t\t<p>Ser una empresa altamente competitiva ofreciendo servicios, mantenimientos y pruebas en el sector el\u00e9ctrico de los niveles de baja, media y alta tensi\u00f3n, brindando en todo momento la satisfacci\u00f3n del cliente y de nuestros colaboradores.<\/p>\t\t\t\t\t\t\t\t<\/div>\n\t\t\t\t<\/div>\n\t\t\t\t<div class=\"elementor-element elementor-element-358b937 elementor-widget elementor-widget-text-editor\" data-id=\"358b937\" data-element_type=\"widget\" data-e-type=\"widget\" data-widget_type=\"text-editor.default\">\n\t\t\t\t<div class=\"elementor-widget-container\">\n\t\t\t\t\t\t\t\t\t<p>Visi\u00f3n<\/p>\t\t\t\t\t\t\t\t<\/div>\n\t\t\t\t<\/div>\n\t\t\t\t<div class=\"elementor-element elementor-element-12cdaa9 elementor-widget elementor-widget-text-editor\" data-id=\"12cdaa9\" data-element_type=\"widget\" data-e-type=\"widget\" data-widget_type=\"text-editor.default\">\n\t\t\t\t<div class=\"elementor-widget-container\">\n\t\t\t\t\t\t\t\t\t<p>Obtener reconocimiento por parte de nuestros clientes, proveedores y colaboradores y dem\u00e1s grupos de inter\u00e9s como una empresa s\u00f3lida y competitiva en el sector, misma que se identifique por su confiabilidad, calidad y eficiencia en el soporte de servicios y mantenimientos el\u00e9ctricos.<\/p>\t\t\t\t\t\t\t\t<\/div>\n\t\t\t\t<\/div>\n\t\t\t\t<div class=\"elementor-element elementor-element-341c41f elementor-widget elementor-widget-text-editor\" data-id=\"341c41f\" data-element_type=\"widget\" data-e-type=\"widget\" data-widget_type=\"text-editor.default\">\n\t\t\t\t<div class=\"elementor-widget-container\">\n\t\t\t\t\t\t\t\t\t<p>Valores<\/p>\t\t\t\t\t\t\t\t<\/div>\n\t\t\t\t<\/div>\n\t\t\t\t<div class=\"elementor-element elementor-element-0d6497d elementor-widget elementor-widget-text-editor\" data-id=\"0d6497d\" data-element_type=\"widget\" data-e-type=\"widget\" data-widget_type=\"text-editor.default\">\n\t\t\t\t<div class=\"elementor-widget-container\">\n\t\t\t\t\t\t\t\t\t<p>Tratamos a nuestros clientes&nbsp; y colaboradores con toda nuestra atenci\u00f3n y dedicaci\u00f3n. Creando el know how, Respeto, Responsabilidad, Honestidad, Innovaci\u00f3n y soluciones de alto nivel, en todo momento y lugar logrando as\u00ed el mejor ambiente de vida.<\/p>\t\t\t\t\t\t\t\t<\/div>\n\t\t\t\t<\/div>\n\t\t\t\t<section class=\"elementor-section elementor-inner-section elementor-element elementor-element-301be92 elementor-section-boxed elementor-section-height-default elementor-section-height-default\" data-id=\"301be92\" data-element_type=\"section\" data-e-type=\"section\">\n\t\t\t\t\t\t<div class=\"elementor-container elementor-column-gap-default\">\n\t\t\t\t\t<div class=\"elementor-column elementor-col-50 elementor-inner-column elementor-element elementor-element-e383c36\" data-id=\"e383c36\" data-element_type=\"column\" data-e-type=\"column\">\n\t\t\t<div class=\"elementor-widget-wrap elementor-element-populated\">\n\t\t\t\t\t\t<div class=\"elementor-element elementor-element-03aaed4 elementor-widget elementor-widget-text-editor\" data-id=\"03aaed4\" data-element_type=\"widget\" data-e-type=\"widget\" data-widget_type=\"text-editor.default\">\n\t\t\t\t<div class=\"elementor-widget-container\">\n\t\t\t\t\t\t\t\t\t<p>COMPROMISO<\/p>\t\t\t\t\t\t\t\t<\/div>\n\t\t\t\t<\/div>\n\t\t\t\t<div class=\"elementor-element elementor-element-2c14805 elementor-widget elementor-widget-text-editor\" data-id=\"2c14805\" data-element_type=\"widget\" data-e-type=\"widget\" data-widget_type=\"text-editor.default\">\n\t\t\t\t<div class=\"elementor-widget-container\">\n\t\t\t\t\t\t\t\t\t<p>Para la ejecuci\u00f3n de\u00a0servicios acorde a los tiempos programados y necesidades del\u00a0cliente.<\/p>\t\t\t\t\t\t\t\t<\/div>\n\t\t\t\t<\/div>\n\t\t\t\t\t<\/div>\n\t\t<\/div>\n\t\t\t\t<div class=\"elementor-column elementor-col-50 elementor-inner-column elementor-element elementor-element-dac7a75\" data-id=\"dac7a75\" data-element_type=\"column\" data-e-type=\"column\">\n\t\t\t<div class=\"elementor-widget-wrap elementor-element-populated\">\n\t\t\t\t\t\t<div class=\"elementor-element elementor-element-b944db7 elementor-widget elementor-widget-text-editor\" data-id=\"b944db7\" data-element_type=\"widget\" data-e-type=\"widget\" data-widget_type=\"text-editor.default\">\n\t\t\t\t<div class=\"elementor-widget-container\">\n\t\t\t\t\t\t\t\t\t<p>CONFIANZA<\/p>\t\t\t\t\t\t\t\t<\/div>\n\t\t\t\t<\/div>\n\t\t\t\t<div class=\"elementor-element elementor-element-e691edd elementor-widget elementor-widget-text-editor\" data-id=\"e691edd\" data-element_type=\"widget\" data-e-type=\"widget\" data-widget_type=\"text-editor.default\">\n\t\t\t\t<div class=\"elementor-widget-container\">\n\t\t\t\t\t\t\t\t\t<p>Brindando servicios con honestidad y eficiencia.<\/p>\t\t\t\t\t\t\t\t<\/div>\n\t\t\t\t<\/div>\n\t\t\t\t\t<\/div>\n\t\t<\/div>\n\t\t\t\t\t<\/div>\n\t\t<\/section>\n\t\t\t\t<section class=\"elementor-section elementor-inner-section elementor-element elementor-element-cb69bc4 elementor-section-boxed elementor-section-height-default elementor-section-height-default\" data-id=\"cb69bc4\" data-element_type=\"section\" data-e-type=\"section\">\n\t\t\t\t\t\t<div class=\"elementor-container elementor-column-gap-default\">\n\t\t\t\t\t<div class=\"elementor-column elementor-col-50 elementor-inner-column elementor-element elementor-element-7d9227b\" data-id=\"7d9227b\" data-element_type=\"column\" data-e-type=\"column\">\n\t\t\t<div class=\"elementor-widget-wrap elementor-element-populated\">\n\t\t\t\t\t\t<div class=\"elementor-element elementor-element-d68276c elementor-widget elementor-widget-text-editor\" data-id=\"d68276c\" data-element_type=\"widget\" data-e-type=\"widget\" data-widget_type=\"text-editor.default\">\n\t\t\t\t<div class=\"elementor-widget-container\">\n\t\t\t\t\t\t\t\t\t<p>RESPONSABILIDAD<\/p>\t\t\t\t\t\t\t\t<\/div>\n\t\t\t\t<\/div>\n\t\t\t\t<div class=\"elementor-element elementor-element-bfa7e62 elementor-widget elementor-widget-text-editor\" data-id=\"bfa7e62\" data-element_type=\"widget\" data-e-type=\"widget\" data-widget_type=\"text-editor.default\">\n\t\t\t\t<div class=\"elementor-widget-container\">\n\t\t\t\t\t\t\t\t\t<p>En los compromisos\u00a0adquiridos por nuestros clientes, colaboradores y proveedores, llevando un respeto y dedicaci\u00f3n.<\/p>\t\t\t\t\t\t\t\t<\/div>\n\t\t\t\t<\/div>\n\t\t\t\t\t<\/div>\n\t\t<\/div>\n\t\t\t\t<div class=\"elementor-column elementor-col-50 elementor-inner-column elementor-element elementor-element-ebf2190\" data-id=\"ebf2190\" data-element_type=\"column\" data-e-type=\"column\">\n\t\t\t<div class=\"elementor-widget-wrap elementor-element-populated\">\n\t\t\t\t\t\t<div class=\"elementor-element elementor-element-1c0f869 elementor-widget elementor-widget-text-editor\" data-id=\"1c0f869\" data-element_type=\"widget\" data-e-type=\"widget\" data-widget_type=\"text-editor.default\">\n\t\t\t\t<div class=\"elementor-widget-container\">\n\t\t\t\t\t\t\t\t\t<p>EXCELENCIA<\/p>\t\t\t\t\t\t\t\t<\/div>\n\t\t\t\t<\/div>\n\t\t\t\t<div class=\"elementor-element elementor-element-4b77e17 elementor-widget elementor-widget-text-editor\" data-id=\"4b77e17\" data-element_type=\"widget\" data-e-type=\"widget\" data-widget_type=\"text-editor.default\">\n\t\t\t\t<div class=\"elementor-widget-container\">\n\t\t\t\t\t\t\t\t\t<p>Para la obtenci\u00f3n de resultados para las actividades asignadas incluyendo car\u00e1cter humano.<\/p>\t\t\t\t\t\t\t\t<\/div>\n\t\t\t\t<\/div>\n\t\t\t\t\t<\/div>\n\t\t<\/div>\n\t\t\t\t\t<\/div>\n\t\t<\/section>\n\t\t\t\t\t<\/div>\n\t\t<\/div>\n\t\t\t\t\t<\/div>\n\t\t<\/section>\n\t\t\t\t<\/div>\n\t\t","protected":false},"excerpt":{"rendered":"<p>CONOCE NUESTRA CULTURA Misi\u00f3n Ser una empresa altamente competitiva ofreciendo servicios, mantenimientos y pruebas en el sector el\u00e9ctrico de los niveles de baja, media y&hellip;<\/p>\n","protected":false},"author":1,"featured_media":0,"parent":0,"menu_order":0,"comment_status":"closed","ping_status":"closed","template":"","meta":{"_joinchat":[],"footnotes":""},"class_list":["post-540","page","type-page","status-publish","hentry"],"_links":{"self":[{"href":"https:\/\/www.andograficando.com\/SIZ\/wp-json\/wp\/v2\/pages\/540","targetHints":{"allow":["GET"]}}],"collection":[{"href":"https:\/\/www.andograficando.com\/SIZ\/wp-json\/wp\/v2\/pages"}],"about":[{"href":"https:\/\/www.andograficando.com\/SIZ\/wp-json\/wp\/v2\/types\/page"}],"author":[{"embeddable":true,"href":"https:\/\/www.andograficando.com\/SIZ\/wp-json\/wp\/v2\/users\/1"}],"replies":[{"embeddable":true,"href":"https:\/\/www.andograficando.com\/SIZ\/wp-json\/wp\/v2\/comments?post=540"}],"version-history":[{"count":24,"href":"https:\/\/www.andograficando.com\/SIZ\/wp-json\/wp\/v2\/pages\/540\/revisions"}],"predecessor-version":[{"id":598,"href":"https:\/\/www.andograficando.com\/SIZ\/wp-json\/wp\/v2\/pages\/540\/revisions\/598"}],"wp:attachment":[{"href":"https:\/\/www.andograficando.com\/SIZ\/wp-json\/wp\/v2\/media?parent=540"}],"curies":[{"name":"wp","href":"https:\/\/api.w.org\/{rel}","templated":true}]}}